{"id":21,"date":"2022-02-02T11:03:46","date_gmt":"2022-02-02T11:03:46","guid":{"rendered":"https:\/\/mighteegadget.com\/?page_id=21"},"modified":"2022-03-17T18:21:03","modified_gmt":"2022-03-17T18:21:03","slug":"about-us","status":"publish","type":"page","link":"https:\/\/mighteegadget.com\/es\/about-us\/","title":{"rendered":"Sobre Nosotros"},"content":{"rendered":"<p><span>Nuestro sitio es un sitio web de informaci\u00f3n especializado en tecnolog\u00eda y rese\u00f1as de gadgets.<\/span><\/p>\n<p><span>Fue conceptualizado con el objetivo de convertirse en una excelente gu\u00eda para las personas interesadas en noticias y tendencias tecnol\u00f3gicas sobre nuevos dispositivos.<\/span><\/p>\n<p><span>El blog presenta consejos cl\u00e1sicos e informaci\u00f3n \u00fatil sobre las \u00faltimas tendencias en<\/span><br \/>\n<em><strong><span>Tecnolog\u00eda y Gadgets<\/span><\/strong><\/em><\/p>\n","protected":false},"excerpt":{"rendered":"<p>Nuestro sitio es un sitio web de informaci\u00f3n especializado en tecnolog\u00eda y rese\u00f1as de gadgets. Fue conceptualizado con el objetivo de convertirse en una excelente gu\u00eda para las personas interesadas&hellip;<\/p>\n","protected":false},"author":1,"featured_media":0,"parent":0,"menu_order":0,"comment_status":"closed","ping_status":"closed","template":"","meta":{"footnotes":""},"class_list":["post-21","page","type-page","status-publish"],"_links":{"self":[{"href":"https:\/\/mighteegadget.com\/es\/wp-json\/wp\/v2\/pages\/21","targetHints":{"allow":["GET"]}}],"collection":[{"href":"https:\/\/mighteegadget.com\/es\/wp-json\/wp\/v2\/pages"}],"about":[{"href":"https:\/\/mighteegadget.com\/es\/wp-json\/wp\/v2\/types\/page"}],"author":[{"embeddable":true,"href":"https:\/\/mighteegadget.com\/es\/wp-json\/wp\/v2\/users\/1"}],"replies":[{"embeddable":true,"href":"https:\/\/mighteegadget.com\/es\/wp-json\/wp\/v2\/comments?post=21"}],"version-history":[{"count":2,"href":"https:\/\/mighteegadget.com\/es\/wp-json\/wp\/v2\/pages\/21\/revisions"}],"predecessor-version":[{"id":336,"href":"https:\/\/mighteegadget.com\/es\/wp-json\/wp\/v2\/pages\/21\/revisions\/336"}],"wp:attachment":[{"href":"https:\/\/mighteegadget.com\/es\/wp-json\/wp\/v2\/media?parent=21"}],"curies":[{"name":"wp","href":"https:\/\/api.w.org\/{rel}","templated":true}]}}